{"id":90864,"date":"2025-04-04T17:44:04","date_gmt":"2025-04-04T14:44:04","guid":{"rendered":"https:\/\/limestudio.online\/contactos-del-desarrollador-de-wordpress\/"},"modified":"2025-10-12T00:01:25","modified_gmt":"2025-10-11T21:01:25","slug":"contactos-del-desarrollador-de-wordpress","status":"publish","type":"page","link":"https:\/\/limestudio.online\/es\/contactos-del-desarrollador-de-wordpress\/","title":{"rendered":"Contactos del desarrollador de WordPress"},"content":{"rendered":"\t\t<div data-elementor-type=\"wp-page\" data-elementor-id=\"90864\" class=\"elementor elementor-90864 elementor-89201\" data-elementor-post-type=\"page\">\n\t\t\t\t<div class=\"elementor-element elementor-element-whVVRc0 e-flex e-con-boxed e-con e-parent\" data-id=\"whVVRc0\" data-element_type=\"container\">\n\t\t\t\t\t<div class=\"e-con-inner\">\n\t\t<div class=\"elementor-element elementor-element-5fq6uFs e-con-full e-flex e-con e-child\" data-id=\"5fq6uFs\" data-element_type=\"container\">\n\t\t\t\t<div class=\"elementor-element elementor-element-be32267 elementor-widget elementor-widget-heading\" data-id=\"be32267\" data-element_type=\"widget\" data-widget_type=\"heading.default\">\n\t\t\t\t<div class=\"elementor-widget-container\">\n\t\t\t\t\t<h1 class=\"elementor-heading-title elementor-size-default\">Contactos<\/h1>\t\t\t\t<\/div>\n\t\t\t\t<\/div>\n\t\t\t\t<div class=\"elementor-element elementor-element-rZ1xMur color-scheme-inherit text-left elementor-widget elementor-widget-text-editor\" data-id=\"rZ1xMur\" data-element_type=\"widget\" data-widget_type=\"text-editor.default\">\n\t\t\t\t<div class=\"elementor-widget-container\">\n\t\t\t\t\t\t\t\t\t<p>\u00bfNecesita un sitio WordPress adaptado a las necesidades de su negocio? Contacte con el desarrollador de WordPress ahora mismo: trabajo en proyectos de cualquier complejidad y tengo en cuenta las solicitudes individuales. En esta secci\u00f3n encontrar\u00e1 formas convenientes de contacto: Telegram, Viber, WhatsApp o tel\u00e9fono.<\/p>\n<p>Los contactos del desarrollador de WordPress Lime Studio son su primer paso hacia su propio sitio web que funciona para obtener resultados. Simplemente describa su proyecto en el formulario a continuaci\u00f3n: le responderemos lo antes posible.<\/p>\t\t\t\t\t\t\t\t<\/div>\n\t\t\t\t<\/div>\n\t\t\t\t<div class=\"elementor-element elementor-element-89207 elementor-widget__width-initial elementor-widget-mobile__width-auto elementor-shape-rounded elementor-grid-0 e-grid-align-center elementor-widget elementor-widget-global elementor-global-89207 elementor-widget-social-icons\" data-id=\"89207\" data-element_type=\"widget\" data-widget_type=\"social-icons.default\">\n\t\t\t\t<div class=\"elementor-widget-container\">\n\t\t\t\t\t\t\t<div class=\"elementor-social-icons-wrapper elementor-grid\" role=\"list\">\n\t\t\t\t\t\t\t<span class=\"elementor-grid-item\" role=\"listitem\">\n\t\t\t\t\t<a class=\"elementor-icon elementor-social-icon elementor-social-icon-mobile-alt elementor-animation-grow elementor-repeater-item-39212bb\" href=\"tel:+380677137246\" target=\"_blank\">\n\t\t\t\t\t\t<span class=\"elementor-screen-only\">Mobile-alt<\/span>\n\t\t\t\t\t\t<svg aria-hidden=\"true\" class=\"e-font-icon-svg e-fas-mobile-alt\" viewBox=\"0 0 320 512\" xmlns=\"http:\/\/www.w3.org\/2000\/svg\"><path d=\"M272 0H48C21.5 0 0 21.5 0 48v416c0 26.5 21.5 48 48 48h224c26.5 0 48-21.5 48-48V48c0-26.5-21.5-48-48-48zM160 480c-17.7 0-32-14.3-32-32s14.3-32 32-32 32 14.3 32 32-14.3 32-32 32zm112-108c0 6.6-5.4 12-12 12H60c-6.6 0-12-5.4-12-12V60c0-6.6 5.4-12 12-12h200c6.6 0 12 5.4 12 12v312z\"><\/path><\/svg>\t\t\t\t\t<\/a>\n\t\t\t\t<\/span>\n\t\t\t\t\t\t\t<span class=\"elementor-grid-item\" role=\"listitem\">\n\t\t\t\t\t<a class=\"elementor-icon elementor-social-icon elementor-social-icon-telegram elementor-animation-grow elementor-repeater-item-e8dfe57\" href=\"https:\/\/t.me\/Elena_WPdev\" target=\"_blank\" rel=\"noopener noreferrer nofollow\">\n\t\t\t\t\t\t<span class=\"elementor-screen-only\">Telegram<\/span>\n\t\t\t\t\t\t<svg aria-hidden=\"true\" class=\"e-font-icon-svg e-fab-telegram\" viewBox=\"0 0 496 512\" xmlns=\"http:\/\/www.w3.org\/2000\/svg\"><path d=\"M248 8C111 8 0 119 0 256s111 248 248 248 248-111 248-248S385 8 248 8zm121.8 169.9l-40.7 191.8c-3 13.6-11.1 16.9-22.4 10.5l-62-45.7-29.9 28.8c-3.3 3.3-6.1 6.1-12.5 6.1l4.4-63.1 114.9-103.8c5-4.4-1.1-6.9-7.7-2.5l-142 89.4-61.2-19.1c-13.3-4.2-13.6-13.3 2.8-19.7l239.1-92.2c11.1-4 20.8 2.7 17.2 19.5z\"><\/path><\/svg>\t\t\t\t\t<\/a>\n\t\t\t\t<\/span>\n\t\t\t\t\t\t\t<span class=\"elementor-grid-item\" role=\"listitem\">\n\t\t\t\t\t<a class=\"elementor-icon elementor-social-icon elementor-social-icon-whatsapp elementor-animation-grow elementor-repeater-item-d8ec447\" href=\"https:\/\/wa.me\/34697351159\" target=\"_blank\" rel=\"noopener noreferrer nofollow\">\n\t\t\t\t\t\t<span class=\"elementor-screen-only\">Whatsapp<\/span>\n\t\t\t\t\t\t<svg aria-hidden=\"true\" class=\"e-font-icon-svg e-fab-whatsapp\" viewBox=\"0 0 448 512\" xmlns=\"http:\/\/www.w3.org\/2000\/svg\"><path d=\"M380.9 97.1C339 55.1 283.2 32 223.9 32c-122.4 0-222 99.6-222 222 0 39.1 10.2 77.3 29.6 111L0 480l117.7-30.9c32.4 17.7 68.9 27 106.1 27h.1c122.3 0 224.1-99.6 224.1-222 0-59.3-25.2-115-67.1-157zm-157 341.6c-33.2 0-65.7-8.9-94-25.7l-6.7-4-69.8 18.3L72 359.2l-4.4-7c-18.5-29.4-28.2-63.3-28.2-98.2 0-101.7 82.8-184.5 184.6-184.5 49.3 0 95.6 19.2 130.4 54.1 34.8 34.9 56.2 81.2 56.1 130.5 0 101.8-84.9 184.6-186.6 184.6zm101.2-138.2c-5.5-2.8-32.8-16.2-37.9-18-5.1-1.9-8.8-2.8-12.5 2.8-3.7 5.6-14.3 18-17.6 21.8-3.2 3.7-6.5 4.2-12 1.4-32.6-16.3-54-29.1-75.5-66-5.7-9.8 5.7-9.1 16.3-30.3 1.8-3.7.9-6.9-.5-9.7-1.4-2.8-12.5-30.1-17.1-41.2-4.5-10.8-9.1-9.3-12.5-9.5-3.2-.2-6.9-.2-10.6-.2-3.7 0-9.7 1.4-14.8 6.9-5.1 5.6-19.4 19-19.4 46.3 0 27.3 19.9 53.7 22.6 57.4 2.8 3.7 39.1 59.7 94.8 83.8 35.2 15.2 49 16.5 66.6 13.9 10.7-1.6 32.8-13.4 37.4-26.4 4.6-13 4.6-24.1 3.2-26.4-1.3-2.5-5-3.9-10.5-6.6z\"><\/path><\/svg>\t\t\t\t\t<\/a>\n\t\t\t\t<\/span>\n\t\t\t\t\t\t\t<span class=\"elementor-grid-item\" role=\"listitem\">\n\t\t\t\t\t<a class=\"elementor-icon elementor-social-icon elementor-social-icon-viber elementor-animation-grow elementor-repeater-item-4592963\" href=\"viber:\/\/chat?number=380677137246\" target=\"_blank\" rel=\"nofollow\">\n\t\t\t\t\t\t<span class=\"elementor-screen-only\">Viber<\/span>\n\t\t\t\t\t\t<svg aria-hidden=\"true\" class=\"e-font-icon-svg e-fab-viber\" viewBox=\"0 0 512 512\" xmlns=\"http:\/\/www.w3.org\/2000\/svg\"><path d=\"M444 49.9C431.3 38.2 379.9.9 265.3.4c0 0-135.1-8.1-200.9 52.3C27.8 89.3 14.9 143 13.5 209.5c-1.4 66.5-3.1 191.1 117 224.9h.1l-.1 51.6s-.8 20.9 13 25.1c16.6 5.2 26.4-10.7 42.3-27.8 8.7-9.4 20.7-23.2 29.8-33.7 82.2 6.9 145.3-8.9 152.5-11.2 16.6-5.4 110.5-17.4 125.7-142 15.8-128.6-7.6-209.8-49.8-246.5zM457.9 287c-12.9 104-89 110.6-103 115.1-6 1.9-61.5 15.7-131.2 11.2 0 0-52 62.7-68.2 79-5.3 5.3-11.1 4.8-11-5.7 0-6.9.4-85.7.4-85.7-.1 0-.1 0 0 0-101.8-28.2-95.8-134.3-94.7-189.8 1.1-55.5 11.6-101 42.6-131.6 55.7-50.5 170.4-43 170.4-43 96.9.4 143.3 29.6 154.1 39.4 35.7 30.6 53.9 103.8 40.6 211.1zm-139-80.8c.4 8.6-12.5 9.2-12.9.6-1.1-22-11.4-32.7-32.6-33.9-8.6-.5-7.8-13.4.7-12.9 27.9 1.5 43.4 17.5 44.8 46.2zm20.3 11.3c1-42.4-25.5-75.6-75.8-79.3-8.5-.6-7.6-13.5.9-12.9 58 4.2 88.9 44.1 87.8 92.5-.1 8.6-13.1 8.2-12.9-.3zm47 13.4c.1 8.6-12.9 8.7-12.9.1-.6-81.5-54.9-125.9-120.8-126.4-8.5-.1-8.5-12.9 0-12.9 73.7.5 133 51.4 133.7 139.2zM374.9 329v.2c-10.8 19-31 40-51.8 33.3l-.2-.3c-21.1-5.9-70.8-31.5-102.2-56.5-16.2-12.8-31-27.9-42.4-42.4-10.3-12.9-20.7-28.2-30.8-46.6-21.3-38.5-26-55.7-26-55.7-6.7-20.8 14.2-41 33.3-51.8h.2c9.2-4.8 18-3.2 23.9 3.9 0 0 12.4 14.8 17.7 22.1 5 6.8 11.7 17.7 15.2 23.8 6.1 10.9 2.3 22-3.7 26.6l-12 9.6c-6.1 4.9-5.3 14-5.3 14s17.8 67.3 84.3 84.3c0 0 9.1.8 14-5.3l9.6-12c4.6-6 15.7-9.8 26.6-3.7 14.7 8.3 33.4 21.2 45.8 32.9 7 5.7 8.6 14.4 3.8 23.6z\"><\/path><\/svg>\t\t\t\t\t<\/a>\n\t\t\t\t<\/span>\n\t\t\t\t\t<\/div>\n\t\t\t\t\t\t<\/div>\n\t\t\t\t<\/div>\n\t\t\t\t<\/div>\n\t\t<div class=\"elementor-element elementor-element-NOe3cW7 e-con-full e-flex e-con e-child\" data-id=\"NOe3cW7\" data-element_type=\"container\">\n\t\t<div class=\"wd-negative-gap elementor-element elementor-element-ESq4b4b e-flex e-con-boxed e-con e-child\" data-id=\"ESq4b4b\" data-element_type=\"container\">\n\t\t\t\t\t<div class=\"e-con-inner\">\n\t\t\t\t<div class=\"elementor-element elementor-element-X7EUfqJ elementor-widget elementor-widget-heading\" data-id=\"X7EUfqJ\" data-element_type=\"widget\" data-widget_type=\"heading.default\">\n\t\t\t\t<div class=\"elementor-widget-container\">\n\t\t\t\t\t<p class=\"elementor-heading-title elementor-size-default\">\u00bfDesea encargar un sitio WordPress a medida para su negocio? Escr\u00edbanos: nos pondremos en contacto de la manera m\u00e1s conveniente<\/p>\t\t\t\t<\/div>\n\t\t\t\t<\/div>\n\t\t\t\t<div class=\"elementor-element elementor-element-e8e7c86 elementor-button-align-stretch elementor-widget elementor-widget-form\" data-id=\"e8e7c86\" data-element_type=\"widget\" data-settings=\"{&quot;step_next_label&quot;:&quot;Siguiente&quot;,&quot;step_previous_label&quot;:&quot;Anterior&quot;,&quot;button_width&quot;:&quot;100&quot;,&quot;step_type&quot;:&quot;number_text&quot;,&quot;step_icon_shape&quot;:&quot;circle&quot;}\" data-widget_type=\"form.default\">\n\t\t\t\t<div class=\"elementor-widget-container\">\n\t\t\t\t\t\t\t<form class=\"elementor-form\" method=\"post\" name=\"Formulario de contacto\" aria-label=\"Formulario de contacto\">\n\t\t\t<input type=\"hidden\" name=\"post_id\" value=\"90864\"\/>\n\t\t\t<input type=\"hidden\" name=\"form_id\" value=\"e8e7c86\"\/>\n\t\t\t<input type=\"hidden\" name=\"referer_title\" value=\"lime:studio\" \/>\n\n\t\t\t\n\t\t\t<div class=\"elementor-form-fields-wrapper elementor-labels-\">\n\t\t\t\t\t\t\t\t<div class=\"elementor-field-type-text elementor-field-group elementor-column elementor-field-group-field_e85e81b elementor-col-50 elementor-field-required\">\n\t\t\t\t\t\t\t\t\t\t\t\t<label for=\"form-field-field_e85e81b\" class=\"elementor-field-label elementor-screen-only\">\n\t\t\t\t\t\t\t\tNombre\t\t\t\t\t\t\t<\/label>\n\t\t\t\t\t\t\t\t\t\t\t\t\t\t<input size=\"1\" type=\"text\" name=\"form_fields[field_e85e81b]\" id=\"form-field-field_e85e81b\" class=\"elementor-field elementor-size-sm  elementor-field-textual\" placeholder=\"Nombre\" required=\"required\">\n\t\t\t\t\t\t\t\t\t\t\t<\/div>\n\t\t\t\t\t\t\t\t<div class=\"elementor-field-type-telephone elementor-field-group elementor-column elementor-field-group-phone elementor-col-50 elementor-field-required\">\n\t\t\t\t\t\t\t\t\t\t\t\t<label for=\"form-field-phone\" class=\"elementor-field-label elementor-screen-only\">\n\t\t\t\t\t\t\t\tTel\u00e9fono\t\t\t\t\t\t\t<\/label>\n\t\t\t\t\t\t\t\t<input dir=\"ltr\" type=\"text\" name=\"change_name_phone\" id=\"form-field-phone\" class=\"elementor-field elementor-size-sm  elementor-field-telephone elementor-field-textual elementor-field-telephone-us yee-ltr\" required=\"required\" data-pre=\"ua|de|es\" data-excludeCountries=\"\" data-onlyct=\"\" data-defcountry=\"ua\" data-hide_flag=\"\" data-hide_code=\"\" data-validation=\"yes\" data-name=\"phone\" data-telephone_search=\"\" >\n\t\t<input onkeydown=\"return \/[0-9]|\\(|\\)|\\+|-|BACKSPACE\/i.test(event.key)\" type=\"hidden\" class=\"phone_check\" name=\"form_fields[phone_check]\" value=\"\" >\n\t\t\t\t\t\t<\/div>\n\t\t\t\t\t\t\t\t<div class=\"elementor-field-type-textarea elementor-field-group elementor-column elementor-field-group-field_61fc77a elementor-col-100\">\n\t\t\t\t\t\t\t\t\t\t\t\t<label for=\"form-field-field_61fc77a\" class=\"elementor-field-label elementor-screen-only\">\n\t\t\t\t\t\t\t\tDescriba el proyecto\t\t\t\t\t\t\t<\/label>\n\t\t\t\t\t\t<textarea class=\"elementor-field-textual elementor-field  elementor-size-sm\" name=\"form_fields[field_61fc77a]\" id=\"form-field-field_61fc77a\" rows=\"4\" placeholder=\"Describa el proyecto\"><\/textarea>\t\t\t\t<\/div>\n\t\t\t\t\t\t\t\t<div class=\"elementor-field-type-text\">\n\t\t\t\t\t<input size=\"1\" type=\"text\" name=\"form_fields[field_cb558c6]\" id=\"form-field-field_cb558c6\" class=\"elementor-field elementor-size-sm \" style=\"display:none !important;\">\t\t\t\t<\/div>\n\t\t\t\t\t\t\t\t<div class=\"elementor-field-type-recaptcha_v3 elementor-field-group elementor-column elementor-field-group-field_5e34f65 elementor-col-100 recaptcha_v3-bottomright\">\n\t\t\t\t\t<div class=\"elementor-field\" id=\"form-field-field_5e34f65\"><div class=\"elementor-g-recaptcha\" data-sitekey=\"6LdqJRUpAAAAAFDSgmKvEm51ZKX4MRi1JpXJRpa7\" data-type=\"v3\" data-action=\"Form\" data-badge=\"bottomright\" data-size=\"invisible\"><\/div><\/div>\t\t\t\t<\/div>\n\t\t\t\t\t\t\t\t<div class=\"elementor-field-group elementor-column elementor-field-type-submit elementor-col-100 e-form__buttons\">\n\t\t\t\t\t<button class=\"elementor-button elementor-size-sm\" type=\"submit\">\n\t\t\t\t\t\t<span class=\"elementor-button-content-wrapper\">\n\t\t\t\t\t\t\t\t\t\t\t\t\t\t\t\t\t\t\t\t\t\t<span class=\"elementor-button-text\">Enviar<\/span>\n\t\t\t\t\t\t\t\t\t\t\t\t\t<\/span>\n\t\t\t\t\t<\/button>\n\t\t\t\t<\/div>\n\t\t\t<\/div>\n\t\t<\/form>\n\t\t\t\t\t\t<\/div>\n\t\t\t\t<\/div>\n\t\t\t\t\t<\/div>\n\t\t\t\t<\/div>\n\t\t\t\t<\/div>\n\t\t\t\t\t<\/div>\n\t\t\t\t<\/div>\n\t\t\t\t<\/div>\n\t\t","protected":false},"excerpt":{"rendered":"<p>Contactos \u00bfNecesita un sitio WordPress adaptado a las necesidades de su negocio? Contacte con el desarrollador de WordPress ahora mismo:<\/p>\n","protected":false},"author":1,"featured_media":0,"parent":0,"menu_order":17,"comment_status":"closed","ping_status":"closed","template":"","meta":{"_acf_changed":false,"footnotes":""},"class_list":["post-90864","page","type-page","status-publish","hentry"],"acf":[],"_links":{"self":[{"href":"https:\/\/limestudio.online\/es\/wp-json\/wp\/v2\/pages\/90864","targetHints":{"allow":["GET"]}}],"collection":[{"href":"https:\/\/limestudio.online\/es\/wp-json\/wp\/v2\/pages"}],"about":[{"href":"https:\/\/limestudio.online\/es\/wp-json\/wp\/v2\/types\/page"}],"author":[{"embeddable":true,"href":"https:\/\/limestudio.online\/es\/wp-json\/wp\/v2\/users\/1"}],"replies":[{"embeddable":true,"href":"https:\/\/limestudio.online\/es\/wp-json\/wp\/v2\/comments?post=90864"}],"version-history":[{"count":1,"href":"https:\/\/limestudio.online\/es\/wp-json\/wp\/v2\/pages\/90864\/revisions"}],"predecessor-version":[{"id":90865,"href":"https:\/\/limestudio.online\/es\/wp-json\/wp\/v2\/pages\/90864\/revisions\/90865"}],"wp:attachment":[{"href":"https:\/\/limestudio.online\/es\/wp-json\/wp\/v2\/media?parent=90864"}],"curies":[{"name":"wp","href":"https:\/\/api.w.org\/{rel}","templated":true}]}}